{"id":740,"date":"2022-11-12T08:06:54","date_gmt":"2022-11-12T08:06:54","guid":{"rendered":"http:\/\/expressobrasileiro.com.br\/?page_id=740"},"modified":"2025-01-29T16:37:51","modified_gmt":"2025-01-29T16:37:51","slug":"a-empresa","status":"publish","type":"page","link":"https:\/\/expressobrasileiro.com.br\/index.php\/a-empresa\/","title":{"rendered":"A Empresa"},"content":{"rendered":"\t\t<div data-elementor-type=\"wp-page\" data-elementor-id=\"740\" class=\"elementor elementor-740\">\n\t\t\t\t\t\t\t<div class=\"elementor-element elementor-element-002a6af e-con-full e-con\" data-id=\"002a6af\" data-element_type=\"container\" data-settings=\"{&quot;content_width&quot;:&quot;full&quot;}\">\n\t\t\t\t<\/div>\n\t\t\t\t<section class=\"elementor-section elementor-top-section elementor-element elementor-element-e8d2339 elementor-section-boxed elementor-section-height-default elementor-section-height-default\" data-id=\"e8d2339\" data-element_type=\"section\" data-settings=\"{&quot;_ha_eqh_enable&quot;:false}\">\n\t\t\t\t\t\t<div class=\"elementor-container elementor-column-gap-default\">\n\t\t\t\t\t<div class=\"elementor-column elementor-col-100 elementor-top-column elementor-element elementor-element-ed904f4\" data-id=\"ed904f4\" data-element_type=\"column\">\n\t\t\t<div class=\"elementor-widget-wrap elementor-element-populated\">\n\t\t\t\t\t\t\t\t<section class=\"elementor-section elementor-inner-section elementor-element elementor-element-cd0a936 elementor-section-boxed elementor-section-height-default elementor-section-height-default\" data-id=\"cd0a936\" data-element_type=\"section\" data-settings=\"{&quot;_ha_eqh_enable&quot;:false}\">\n\t\t\t\t\t\t<div class=\"elementor-container elementor-column-gap-default\">\n\t\t\t\t\t<div class=\"elementor-column elementor-col-100 elementor-inner-column elementor-element elementor-element-856d0d4\" data-id=\"856d0d4\" data-element_type=\"column\">\n\t\t\t<div class=\"elementor-widget-wrap elementor-element-populated\">\n\t\t\t\t\t\t\t\t<div class=\"elementor-element elementor-element-d3950f7 elementor-widget elementor-widget-heading\" data-id=\"d3950f7\" data-element_type=\"widget\" data-widget_type=\"heading.default\">\n\t\t\t\t<div class=\"elementor-widget-container\">\n\t\t\t<style>\/*! elementor - v3.8.1 - 13-11-2022 *\/\n.elementor-heading-title{padding:0;margin:0;line-height:1}.elementor-widget-heading .elementor-heading-title[class*=elementor-size-]>a{color:inherit;font-size:inherit;line-height:inherit}.elementor-widget-heading .elementor-heading-title.elementor-size-small{font-size:15px}.elementor-widget-heading .elementor-heading-title.elementor-size-medium{font-size:19px}.elementor-widget-heading .elementor-heading-title.elementor-size-large{font-size:29px}.elementor-widget-heading .elementor-heading-title.elementor-size-xl{font-size:39px}.elementor-widget-heading .elementor-heading-title.elementor-size-xxl{font-size:59px}<\/style><h3 class=\"elementor-heading-title elementor-size-default\">A EMPRESA<\/h3>\t\t<\/div>\n\t\t\t\t<\/div>\n\t\t\t\t<div class=\"elementor-element elementor-element-a55c3b0 elementor-widget elementor-widget-text-editor\" data-id=\"a55c3b0\" data-element_type=\"widget\" data-widget_type=\"text-editor.default\">\n\t\t\t\t<div class=\"elementor-widget-container\">\n\t\t\t<style>\/*! elementor - v3.8.1 - 13-11-2022 *\/\n.elementor-widget-text-editor.elementor-drop-cap-view-stacked .elementor-drop-cap{background-color:#818a91;color:#fff}.elementor-widget-text-editor.elementor-drop-cap-view-framed .elementor-drop-cap{color:#818a91;border:3px solid;background-color:transparent}.elementor-widget-text-editor:not(.elementor-drop-cap-view-default) .elementor-drop-cap{margin-top:8px}.elementor-widget-text-editor:not(.elementor-drop-cap-view-default) .elementor-drop-cap-letter{width:1em;height:1em}.elementor-widget-text-editor .elementor-drop-cap{float:left;text-align:center;line-height:1;font-size:50px}.elementor-widget-text-editor .elementor-drop-cap-letter{display:inline-block}<\/style>\t\t\t\t<div class=\"vcex-module vcex-heading vcex-heading-plain wpex-dhover-0\" data-wpex-hover=\"{&quot;color&quot;:&quot;#455c73&quot;}\">\n<p style=\"text-align: justify;\">A tamb\u00e9m conhecida pelo nome fantasia de \u201cBrasileiro\u201d originou-se a partir de Aluyr Tassizo Carletto, at\u00e9 ent\u00e3o madeireiro, que veio do Esp\u00edrito Santo com sua esposa e filhos para a cidade de Guaratinga em busca de novos horizontes e com o intuito de explorar o com\u00e9rcio de madeira da regi\u00e3o.<\/p>\n<p style=\"text-align: justify;\">Em 1979, com sua vis\u00e3o nata de empreendedor, adquiriu tr\u00eas \u00f4nibus usados da empresa Expresso Guaratinga dando o pontap\u00e9 inicial para o transporte de passageiros. Em 1980 ampliou o seu neg\u00f3cio com a aquisi\u00e7\u00e3o de 6 \u00f4nibus da ent\u00e3o chamada Expresso Itamaraju, progredindo no ramo. Em seguida, no ano de 1981, nomeou o empreendimento por Expresso Brasileiro operando nas linhas de Itamaraju\/\u00c1gua Limpa, Itamaraju\/Guaratinga \u2013 via Uni\u00e3o e, logo em seguida, Caju\u00edta, Itamaraju\/Jucuru\u00e7u, Itamaraju\/Nova Alegria e S\u00e3o Jo\u00e3o da Prata.<\/p>\n<p style=\"text-align: justify;\">Durante todo esse trajeto o quadro funcional da empresa era basicamente composto por seus filhos que, com esp\u00edrito de luta e com uma vis\u00e3o tamb\u00e9m empreendedora, come\u00e7aram a operar linhas urbanas em Eun\u00e1polis. Isto foi poss\u00edvel atrav\u00e9s da compra da empresa urbana Colatinense, com sede no Bairro Juca Rosa, que iniciou operando a linha da Col\u00f4nia, per\u00edmetro urbano de Eun\u00e1polis e, posteriormente, atendendo linhas \u00e0 Porto Seguro.<\/p>\n<p style=\"text-align: justify;\">Em 1989, aliando conhecimento e experi\u00eancia significativa no ramo de transportes, a empresa adquiriu a concess\u00e3o das linhas da SULBA, passando a partir de ent\u00e3o a explorar outras linhas rodovi\u00e1rias como Eun\u00e1polis\/Belmonte, Eun\u00e1polis\/Guaratinga\/Itapebi\/Caju\u00edta\/Caiubi\/Monte Alegre\/Canavieiras, regi\u00e3o de Itamaraju e outras linhas, ligando a Prado\/Alcoba\u00e7a\/Caravelas e Teixeira de Freitas.<\/p>\n<p style=\"text-align: justify;\">Ainda no ano de 1989 foi estabelecida a primeira garagem com sede em Eun\u00e1polis, antes pertencente \u00e0 empresa SULBA. Posteriormente, em 2001, foi inaugurada uma nova estrutura. J\u00e1 na cidade de Porto Seguro as instala\u00e7\u00f5es foram constru\u00eddas em 1999, sendo inaugurada a nova sede em 2000.<\/p>\n<p style=\"text-align: justify;\">A Brasileiro atualmente conta com um quadro em torno de 500 funcion\u00e1rios diretos e aproximadamente 200 indiretos distribu\u00eddos pelos N\u00facleos Operacionais de Eun\u00e1polis, Porto Seguro, Itamaraju, Teixeira de Freitas e Veracel.<\/p>\n<p style=\"text-align: justify;\">O trabalho da empresa \u00e9 voltado para a excel\u00eancia, garantia da qualidade e a capacita\u00e7\u00e3o dos seus profissionais em todos os aspectos humanos e t\u00e9cnicos. O intuito \u00e9 oferecer todos os recursos necess\u00e1rios para alcan\u00e7ar a compet\u00eancia e assegurar qualidade de vida no trabalho.<\/p>\n<p style=\"text-align: justify;\">A organiza\u00e7\u00e3o disp\u00f5e de uma frota com mais de 200 \u00f4nibus e 50 ag\u00eancias para atendimento de aproximadamente 55 linhas para melhor lhe atender.<\/p>\n\n<\/div>\t\t\t\t\t\t<\/div>\n\t\t\t\t<\/div>\n\t\t\t\t\t<\/div>\n\t\t<\/div>\n\t\t\t\t\t\t\t<\/div>\n\t\t<\/section>\n\t\t\t\t\t<\/div>\n\t\t<\/div>\n\t\t\t\t\t\t\t<\/div>\n\t\t<\/section>\n\t\t\t\t<section class=\"elementor-section elementor-top-section elementor-element elementor-element-85c00b1 elementor-section-boxed elementor-section-height-default elementor-section-height-default\" data-id=\"85c00b1\" data-element_type=\"section\" data-settings=\"{&quot;_ha_eqh_enable&quot;:false}\">\n\t\t\t\t\t\t<div class=\"elementor-container elementor-column-gap-default\">\n\t\t\t\t\t<div class=\"elementor-column elementor-col-100 elementor-top-column elementor-element elementor-element-7d1d913\" data-id=\"7d1d913\" data-element_type=\"column\">\n\t\t\t<div class=\"elementor-widget-wrap elementor-element-populated\">\n\t\t\t\t\t\t\t\t<div class=\"elementor-element elementor-element-f4e7060 elementor-widget elementor-widget-toggle\" data-id=\"f4e7060\" data-element_type=\"widget\" data-widget_type=\"toggle.default\">\n\t\t\t\t<div class=\"elementor-widget-container\">\n\t\t\t<style>\/*! elementor - v3.8.1 - 13-11-2022 *\/\n.elementor-toggle{text-align:left}.elementor-toggle .elementor-tab-title{font-weight:700;line-height:1;margin:0;padding:15px;border-bottom:1px solid #d4d4d4;cursor:pointer;outline:none}.elementor-toggle .elementor-tab-title .elementor-toggle-icon{display:inline-block;width:1em}.elementor-toggle .elementor-tab-title .elementor-toggle-icon svg{-webkit-margin-start:-5px;margin-inline-start:-5px;width:1em;height:1em}.elementor-toggle .elementor-tab-title .elementor-toggle-icon.elementor-toggle-icon-right{float:right;text-align:right}.elementor-toggle .elementor-tab-title .elementor-toggle-icon.elementor-toggle-icon-left{float:left;text-align:left}.elementor-toggle .elementor-tab-title .elementor-toggle-icon .elementor-toggle-icon-closed{display:block}.elementor-toggle .elementor-tab-title .elementor-toggle-icon .elementor-toggle-icon-opened{display:none}.elementor-toggle .elementor-tab-title.elementor-active{border-bottom:none}.elementor-toggle .elementor-tab-title.elementor-active .elementor-toggle-icon-closed{display:none}.elementor-toggle .elementor-tab-title.elementor-active .elementor-toggle-icon-opened{display:block}.elementor-toggle .elementor-tab-content{padding:15px;border-bottom:1px solid #d4d4d4;display:none}@media (max-width:767px){.elementor-toggle .elementor-tab-title{padding:12px}.elementor-toggle .elementor-tab-content{padding:12px 10px}}.e-con-inner>.elementor-widget-toggle,.e-con>.elementor-widget-toggle{width:var(--container-widget-width,100%)}<\/style>\t\t<div class=\"elementor-toggle\" role=\"tablist\">\n\t\t\t\t\t\t\t<div class=\"elementor-toggle-item\">\n\t\t\t\t\t<div id=\"elementor-tab-title-2561\" class=\"elementor-tab-title\" data-tab=\"1\" role=\"tab\" aria-controls=\"elementor-tab-content-2561\" aria-expanded=\"false\">\n\t\t\t\t\t\t\t\t\t\t\t\t<span class=\"elementor-toggle-icon elementor-toggle-icon-left\" aria-hidden=\"true\">\n\t\t\t\t\t\t\t\t\t\t\t\t\t\t\t<span class=\"elementor-toggle-icon-closed\"><i class=\"icon icon-menu-button-of-three-horizontal-lines\"><\/i><\/span>\n\t\t\t\t\t\t\t\t<span class=\"elementor-toggle-icon-opened\"><i class=\"elementor-toggle-icon-opened icon icon-menu-button-of-three-horizontal-lines\"><\/i><\/span>\n\t\t\t\t\t\t\t\t\t\t\t\t\t<\/span>\n\t\t\t\t\t\t\t\t\t\t\t\t<a href=\"\" class=\"elementor-toggle-title\">POL\u00cdTICA DE QUALIDADE<\/a>\n\t\t\t\t\t<\/div>\n\n\t\t\t\t\t<div id=\"elementor-tab-content-2561\" class=\"elementor-tab-content elementor-clearfix\" data-tab=\"1\" role=\"tabpanel\" aria-labelledby=\"elementor-tab-title-2561\"><div class=\"vcex-module vcex-heading vcex-heading-plain wpex-dhover-1\" data-wpex-hover=\"{&quot;color&quot;:&quot;#455c73&quot;}\"><p>As empresas do Grupo Brasileiro atuam nos segmentos de transporte rodovi\u00e1rio, semiurbano, urbano, turismo, fretamento e encomendas, operando na Regi\u00e3o Nordeste, em Minas Gerais e no Rio de Janeiro. Com o prop\u00f3sito de promover uma experi\u00eancia de mobilidade que reduza as dist\u00e2ncias de forma segura, confort\u00e1vel, pontual, tecnol\u00f3gica e acess\u00edvel, atendendo de forma sustent\u00e1vel \u00e0 sociedade em um processo de melhoria cont\u00ednua.<\/p><\/div><\/div>\n\t\t\t\t<\/div>\n\t\t\t\t\t\t\t<div class=\"elementor-toggle-item\">\n\t\t\t\t\t<div id=\"elementor-tab-title-2562\" class=\"elementor-tab-title\" data-tab=\"2\" role=\"tab\" aria-controls=\"elementor-tab-content-2562\" aria-expanded=\"false\">\n\t\t\t\t\t\t\t\t\t\t\t\t<span class=\"elementor-toggle-icon elementor-toggle-icon-left\" aria-hidden=\"true\">\n\t\t\t\t\t\t\t\t\t\t\t\t\t\t\t<span class=\"elementor-toggle-icon-closed\"><i class=\"icon icon-menu-button-of-three-horizontal-lines\"><\/i><\/span>\n\t\t\t\t\t\t\t\t<span class=\"elementor-toggle-icon-opened\"><i class=\"elementor-toggle-icon-opened icon icon-menu-button-of-three-horizontal-lines\"><\/i><\/span>\n\t\t\t\t\t\t\t\t\t\t\t\t\t<\/span>\n\t\t\t\t\t\t\t\t\t\t\t\t<a href=\"\" class=\"elementor-toggle-title\">VALORES<\/a>\n\t\t\t\t\t<\/div>\n\n\t\t\t\t\t<div id=\"elementor-tab-content-2562\" class=\"elementor-tab-content elementor-clearfix\" data-tab=\"2\" role=\"tabpanel\" aria-labelledby=\"elementor-tab-title-2562\"><div class=\"vcex-module vcex-heading vcex-heading-plain wpex-dhover-1\" data-wpex-hover=\"{&quot;color&quot;:&quot;#455c73&quot;}\"><ul><li>Prezar pela vida e integridade das pessoas;<\/li><li>Respeito nas rela\u00e7\u00f5es profissionais;<\/li><li>Senso de dono do neg\u00f3cio;<\/li><li>Aperfei\u00e7oamento cont\u00ednuo;<\/li><li>Foco no cliente, raz\u00e3o do nosso neg\u00f3cio;<\/li><li>Preservar e honrar compromissos.<\/li><\/ul><\/div><\/div>\n\t\t\t\t<\/div>\n\t\t\t\t\t\t\t<div class=\"elementor-toggle-item\">\n\t\t\t\t\t<div id=\"elementor-tab-title-2563\" class=\"elementor-tab-title\" data-tab=\"3\" role=\"tab\" aria-controls=\"elementor-tab-content-2563\" aria-expanded=\"false\">\n\t\t\t\t\t\t\t\t\t\t\t\t<span class=\"elementor-toggle-icon elementor-toggle-icon-left\" aria-hidden=\"true\">\n\t\t\t\t\t\t\t\t\t\t\t\t\t\t\t<span class=\"elementor-toggle-icon-closed\"><i class=\"icon icon-menu-button-of-three-horizontal-lines\"><\/i><\/span>\n\t\t\t\t\t\t\t\t<span class=\"elementor-toggle-icon-opened\"><i class=\"elementor-toggle-icon-opened icon icon-menu-button-of-three-horizontal-lines\"><\/i><\/span>\n\t\t\t\t\t\t\t\t\t\t\t\t\t<\/span>\n\t\t\t\t\t\t\t\t\t\t\t\t<a href=\"\" class=\"elementor-toggle-title\">PROP\u00d3SITO<\/a>\n\t\t\t\t\t<\/div>\n\n\t\t\t\t\t<div id=\"elementor-tab-content-2563\" class=\"elementor-tab-content elementor-clearfix\" data-tab=\"3\" role=\"tabpanel\" aria-labelledby=\"elementor-tab-title-2563\"><div class=\"wpb_text_column wpb_content_element vc_custom_1533588935479\"><div class=\"wpb_wrapper\"><ul><li><p>Promover atrav\u00e9s da mobilidade a integra\u00e7\u00e3o, o desenvolvimento, o respeito e a valoriza\u00e7\u00e3o das pessoas.<\/p><\/li><\/ul><\/div><\/div><\/div>\n\t\t\t\t<\/div>\n\t\t\t\t\t\t\t<div class=\"elementor-toggle-item\">\n\t\t\t\t\t<div id=\"elementor-tab-title-2564\" class=\"elementor-tab-title\" data-tab=\"4\" role=\"tab\" aria-controls=\"elementor-tab-content-2564\" aria-expanded=\"false\">\n\t\t\t\t\t\t\t\t\t\t\t\t<span class=\"elementor-toggle-icon elementor-toggle-icon-left\" aria-hidden=\"true\">\n\t\t\t\t\t\t\t\t\t\t\t\t\t\t\t<span class=\"elementor-toggle-icon-closed\"><i class=\"icon icon-menu-button-of-three-horizontal-lines\"><\/i><\/span>\n\t\t\t\t\t\t\t\t<span class=\"elementor-toggle-icon-opened\"><i class=\"elementor-toggle-icon-opened icon icon-menu-button-of-three-horizontal-lines\"><\/i><\/span>\n\t\t\t\t\t\t\t\t\t\t\t\t\t<\/span>\n\t\t\t\t\t\t\t\t\t\t\t\t<a href=\"\" class=\"elementor-toggle-title\">VIS\u00c3O<\/a>\n\t\t\t\t\t<\/div>\n\n\t\t\t\t\t<div id=\"elementor-tab-content-2564\" class=\"elementor-tab-content elementor-clearfix\" data-tab=\"4\" role=\"tabpanel\" aria-labelledby=\"elementor-tab-title-2564\"><p>Ser reconhecido como a melhor experi\u00eancia em mobilidade.<\/p><\/div>\n\t\t\t\t<\/div>\n\t\t\t\t\t\t\t<div class=\"elementor-toggle-item\">\n\t\t\t\t\t<div id=\"elementor-tab-title-2565\" class=\"elementor-tab-title\" data-tab=\"5\" role=\"tab\" aria-controls=\"elementor-tab-content-2565\" aria-expanded=\"false\">\n\t\t\t\t\t\t\t\t\t\t\t\t<span class=\"elementor-toggle-icon elementor-toggle-icon-left\" aria-hidden=\"true\">\n\t\t\t\t\t\t\t\t\t\t\t\t\t\t\t<span class=\"elementor-toggle-icon-closed\"><i class=\"icon icon-menu-button-of-three-horizontal-lines\"><\/i><\/span>\n\t\t\t\t\t\t\t\t<span class=\"elementor-toggle-icon-opened\"><i class=\"elementor-toggle-icon-opened icon icon-menu-button-of-three-horizontal-lines\"><\/i><\/span>\n\t\t\t\t\t\t\t\t\t\t\t\t\t<\/span>\n\t\t\t\t\t\t\t\t\t\t\t\t<a href=\"\" class=\"elementor-toggle-title\">PROPOSTA DE VALOR<\/a>\n\t\t\t\t\t<\/div>\n\n\t\t\t\t\t<div id=\"elementor-tab-content-2565\" class=\"elementor-tab-content elementor-clearfix\" data-tab=\"5\" role=\"tabpanel\" aria-labelledby=\"elementor-tab-title-2565\"><div class=\"wpb_text_column wpb_content_element \"><div class=\"wpb_wrapper\"><p>Promover a experi\u00eancia de mobilidade que reduza as dist\u00e2ncias de forma segura, confort\u00e1vel, pontual, tecnol\u00f3gica e acess\u00edvel, atendendo de forma sustent\u00e1vel a sociedade.<\/p><\/div><\/div><\/div>\n\t\t\t\t<\/div>\n\t\t\t\t\t\t\t\t<\/div>\n\t\t\t\t<\/div>\n\t\t\t\t<\/div>\n\t\t\t\t<div class=\"elementor-element elementor-element-f5468b0 elementor-widget elementor-widget-spacer\" data-id=\"f5468b0\" data-element_type=\"widget\" data-widget_type=\"spacer.default\">\n\t\t\t\t<div class=\"elementor-widget-container\">\n\t\t\t<style>\/*! elementor - v3.8.1 - 13-11-2022 *\/\n.elementor-column .elementor-spacer-inner{height:var(--spacer-size)}.e-con{--container-widget-width:100%}.e-con-inner>.elementor-widget-spacer,.e-con>.elementor-widget-spacer{width:var(--container-widget-width,var(--spacer-size));-ms-flex-item-align:stretch;align-self:stretch;-ms-flex-negative:0;flex-shrink:0}.e-con-inner>.elementor-widget-spacer>.elementor-widget-container,.e-con-inner>.elementor-widget-spacer>.elementor-widget-container>.elementor-spacer,.e-con>.elementor-widget-spacer>.elementor-widget-container,.e-con>.elementor-widget-spacer>.elementor-widget-container>.elementor-spacer{height:100%}.e-con-inner>.elementor-widget-spacer>.elementor-widget-container>.elementor-spacer>.elementor-spacer-inner,.e-con>.elementor-widget-spacer>.elementor-widget-container>.elementor-spacer>.elementor-spacer-inner{height:var(--container-widget-height,var(--spacer-size))}<\/style>\t\t<div class=\"elementor-spacer\">\n\t\t\t<div class=\"elementor-spacer-inner\"><\/div>\n\t\t<\/div>\n\t\t\t\t<\/div>\n\t\t\t\t<\/div>\n\t\t\t\t\t<\/div>\n\t\t<\/div>\n\t\t\t\t\t\t\t<\/div>\n\t\t<\/section>\n\t\t\t\t\t\t\t<\/div>\n\t\t","protected":false},"excerpt":{"rendered":"<p>A EMPRESA A tamb\u00e9m conhecida pelo nome fantasia de \u201cBrasileiro\u201d originou-se a partir de Aluyr Tassizo Carletto, at\u00e9 ent\u00e3o madeireiro, que veio do Esp\u00edrito Santo com sua esposa e filhos para a cidade de Guaratinga em busca de novos horizontes e com o intuito de explorar o com\u00e9rcio de madeira da regi\u00e3o. Em 1979, com [&hellip;]<\/p>\n","protected":false},"author":1,"featured_media":0,"parent":0,"menu_order":0,"comment_status":"closed","ping_status":"closed","template":"","meta":{"_joinchat":[],"footnotes":""},"class_list":["post-740","page","type-page","status-publish","hentry"],"_links":{"self":[{"href":"https:\/\/expressobrasileiro.com.br\/index.php\/wp-json\/wp\/v2\/pages\/740","targetHints":{"allow":["GET"]}}],"collection":[{"href":"https:\/\/expressobrasileiro.com.br\/index.php\/wp-json\/wp\/v2\/pages"}],"about":[{"href":"https:\/\/expressobrasileiro.com.br\/index.php\/wp-json\/wp\/v2\/types\/page"}],"author":[{"embeddable":true,"href":"https:\/\/expressobrasileiro.com.br\/index.php\/wp-json\/wp\/v2\/users\/1"}],"replies":[{"embeddable":true,"href":"https:\/\/expressobrasileiro.com.br\/index.php\/wp-json\/wp\/v2\/comments?post=740"}],"version-history":[{"count":64,"href":"https:\/\/expressobrasileiro.com.br\/index.php\/wp-json\/wp\/v2\/pages\/740\/revisions"}],"predecessor-version":[{"id":3797,"href":"https:\/\/expressobrasileiro.com.br\/index.php\/wp-json\/wp\/v2\/pages\/740\/revisions\/3797"}],"wp:attachment":[{"href":"https:\/\/expressobrasileiro.com.br\/index.php\/wp-json\/wp\/v2\/media?parent=740"}],"curies":[{"name":"wp","href":"https:\/\/api.w.org\/{rel}","templated":true}]}}