{"id":4089,"date":"2026-01-20T22:25:13","date_gmt":"2026-01-20T22:25:13","guid":{"rendered":"https:\/\/expressobrasileiro.com.br\/?page_id=4089"},"modified":"2026-01-26T18:16:02","modified_gmt":"2026-01-26T18:16:02","slug":"onboard","status":"publish","type":"page","link":"https:\/\/expressobrasileiro.com.br\/index.php\/onboard\/","title":{"rendered":"Onboard"},"content":{"rendered":"\t\t<div data-elementor-type=\"wp-page\" data-elementor-id=\"4089\" class=\"elementor elementor-4089\">\n\t\t\t\t\t\t\t<div class=\"elementor-element elementor-element-002a6af e-con-full e-con\" data-id=\"002a6af\" data-element_type=\"container\" data-settings=\"{&quot;content_width&quot;:&quot;full&quot;}\">\n\t\t\t\t<\/div>\n\t\t\t\t<section class=\"elementor-section elementor-top-section elementor-element elementor-element-e8d2339 elementor-section-boxed elementor-section-height-default elementor-section-height-default\" data-id=\"e8d2339\" data-element_type=\"section\" data-settings=\"{&quot;_ha_eqh_enable&quot;:false}\">\n\t\t\t\t\t\t<div class=\"elementor-container elementor-column-gap-default\">\n\t\t\t\t\t<div class=\"elementor-column elementor-col-100 elementor-top-column elementor-element elementor-element-ed904f4\" data-id=\"ed904f4\" data-element_type=\"column\">\n\t\t\t<div class=\"elementor-widget-wrap elementor-element-populated\">\n\t\t\t\t\t\t\t\t<div class=\"elementor-element elementor-element-e1014e8 elementor-widget elementor-widget-heading\" data-id=\"e1014e8\" data-element_type=\"widget\" data-widget_type=\"heading.default\">\n\t\t\t\t<div class=\"elementor-widget-container\">\n\t\t\t<style>\/*! elementor - v3.8.1 - 13-11-2022 *\/\n.elementor-heading-title{padding:0;margin:0;line-height:1}.elementor-widget-heading .elementor-heading-title[class*=elementor-size-]>a{color:inherit;font-size:inherit;line-height:inherit}.elementor-widget-heading .elementor-heading-title.elementor-size-small{font-size:15px}.elementor-widget-heading .elementor-heading-title.elementor-size-medium{font-size:19px}.elementor-widget-heading .elementor-heading-title.elementor-size-large{font-size:29px}.elementor-widget-heading .elementor-heading-title.elementor-size-xl{font-size:39px}.elementor-widget-heading .elementor-heading-title.elementor-size-xxl{font-size:59px}<\/style><h3 class=\"elementor-heading-title elementor-size-default\">ONBOARD \u2013 NOVO SISTEMA DE BILHETAGEM ELETR\u00d4NICA<\/h3>\t\t<\/div>\n\t\t\t\t<\/div>\n\t\t\t\t\t<\/div>\n\t\t<\/div>\n\t\t\t\t\t\t\t<\/div>\n\t\t<\/section>\n\t\t\t\t<section class=\"elementor-section elementor-top-section elementor-element elementor-element-85c00b1 elementor-section-boxed elementor-section-height-default elementor-section-height-default\" data-id=\"85c00b1\" data-element_type=\"section\" data-settings=\"{&quot;_ha_eqh_enable&quot;:false}\">\n\t\t\t\t\t\t<div class=\"elementor-container elementor-column-gap-default\">\n\t\t\t\t\t<div class=\"elementor-column elementor-col-100 elementor-top-column elementor-element elementor-element-7d1d913\" data-id=\"7d1d913\" data-element_type=\"column\">\n\t\t\t<div class=\"elementor-widget-wrap elementor-element-populated\">\n\t\t\t\t\t\t\t\t<div class=\"elementor-element elementor-element-0d0829e elementor-widget elementor-widget-text-editor\" data-id=\"0d0829e\" data-element_type=\"widget\" data-widget_type=\"text-editor.default\">\n\t\t\t\t<div class=\"elementor-widget-container\">\n\t\t\t<style>\/*! elementor - v3.8.1 - 13-11-2022 *\/\n.elementor-widget-text-editor.elementor-drop-cap-view-stacked .elementor-drop-cap{background-color:#818a91;color:#fff}.elementor-widget-text-editor.elementor-drop-cap-view-framed .elementor-drop-cap{color:#818a91;border:3px solid;background-color:transparent}.elementor-widget-text-editor:not(.elementor-drop-cap-view-default) .elementor-drop-cap{margin-top:8px}.elementor-widget-text-editor:not(.elementor-drop-cap-view-default) .elementor-drop-cap-letter{width:1em;height:1em}.elementor-widget-text-editor .elementor-drop-cap{float:left;text-align:center;line-height:1;font-size:50px}.elementor-widget-text-editor .elementor-drop-cap-letter{display:inline-block}<\/style>\t\t\t\t<p><span style=\"font-size:14.0pt;font-family:&quot;Calibri&quot;,&quot;sans-serif&quot;;mso-ascii-theme-font:\nminor-latin;mso-hansi-theme-font:minor-latin;mso-bidi-theme-font:minor-latin\">O\nservi\u00e7o <b>semiurbano<\/b> agora conta com\num <b>novo sistema de bilhetagem\neletr\u00f4nica,<\/b> mais moderno, pr\u00e1tico e r\u00e1pido.<br>\nO novo modelo permite o <b>pagamento direto\nna catraca,<\/b> com leitura por meio da <b>carteira\ndigital BiPay.<\/b><o:p><\/o:p><\/span><\/p><p><span style=\"font-size:14.0pt;font-family:&quot;Calibri&quot;,&quot;sans-serif&quot;;mso-ascii-theme-font:\nminor-latin;mso-hansi-theme-font:minor-latin;mso-bidi-theme-font:minor-latin\">Agora,\nvoc\u00ea pode<b> comprar e recarregar cr\u00e9ditos\npelo aplicativo,<\/b> aproveitar <b>descontos\nespeciais exclusivos no app BiPay<\/b> (n\u00e3o v\u00e1lidos para vale-transporte e tarifa\nestudantil) e tamb\u00e9m adquirir <b>o bilhete\nf\u00edsico com QR Code nas ag\u00eancias,<\/b> garantindo embarque imediato.<o:p><\/o:p><\/span><\/p><p><span style=\"font-size:14.0pt;font-family:&quot;Calibri&quot;,&quot;sans-serif&quot;;mso-ascii-theme-font:\nminor-latin;mso-hansi-theme-font:minor-latin;mso-bidi-theme-font:minor-latin\">Mais\ntecnologia, agilidade e conveni\u00eancia para sua viagem no metropolitano.<o:p><\/o:p><\/span><\/p><p class=\"MsoNormal\" style=\"margin-bottom:0cm;margin-bottom:.0001pt;text-align:\njustify;line-height:normal\"><b><span style=\"font-size:14.0pt\">LINHAS SEMIURBANAS<o:p><\/o:p><\/span><\/b><\/p><p class=\"MsoNormal\" style=\"margin-bottom:0cm;margin-bottom:.0001pt;text-align:\njustify;line-height:normal\"><b><span style=\"font-size:14.0pt\">&nbsp;<\/span><\/b><\/p><p class=\"MsoNormal\" style=\"margin-top:0cm;margin-right:0cm;margin-bottom:0cm;\nmargin-left:18.0pt;margin-bottom:.0001pt;text-align:justify;line-height:normal\"><span style=\"font-size:14.0pt\">Porto Seguro X Santa Cruz Cabr\u00e1lia<o:p><\/o:p><\/span><\/p><p class=\"MsoNormal\" style=\"margin-top:0cm;margin-right:0cm;margin-bottom:0cm;\nmargin-left:18.0pt;margin-bottom:.0001pt;text-align:justify;line-height:normal\"><span style=\"font-size:14.0pt\">Porto Seguro X Coroa Vermelha<o:p><\/o:p><\/span><\/p><p class=\"MsoNormal\" style=\"margin-top:0cm;margin-right:0cm;margin-bottom:0cm;\nmargin-left:18.0pt;margin-bottom:.0001pt;text-align:justify;line-height:normal\"><span style=\"font-size:14.0pt\">Coroa Vermelha X Santa Cruz Cabr\u00e1lia<o:p><\/o:p><\/span><\/p><p class=\"MsoNormal\" style=\"margin-bottom:0cm;margin-bottom:.0001pt;text-align:\njustify;line-height:normal\"><b><span style=\"font-size:14.0pt\">&nbsp;<\/span><\/b><\/p><p class=\"MsoNormal\" style=\"margin-bottom:0cm;margin-bottom:.0001pt;text-align:\njustify;line-height:normal\"><b><span style=\"font-size:14.0pt\">PERGUNTAS\nFREQUENTES<o:p><\/o:p><\/span><\/b><\/p><p class=\"MsoNormal\" style=\"margin-bottom:0cm;margin-bottom:.0001pt;text-align:\njustify;line-height:normal\"><b><span style=\"font-size:14.0pt\">&nbsp;<\/span><\/b><\/p><p class=\"MsoNormal\" style=\"margin-bottom:0cm;margin-bottom:.0001pt;text-align:\njustify;line-height:normal\"><b><span style=\"font-size:14.0pt\">\u2013 <\/span><\/b><b><span style=\"font-size:14.0pt\">Quais formas\nde pagamento s\u00e3o aceitas na catraca?<o:p><\/o:p><\/span><\/b><\/p><p class=\"MsoNormal\" style=\"margin-bottom:0cm;margin-bottom:.0001pt;text-align:\njustify;line-height:normal\"><span style=\"font-size:14.0pt\">&nbsp;<\/span><\/p><p class=\"MsoNormal\" style=\"margin-bottom:0cm;margin-bottom:.0001pt;text-align:\njustify;line-height:normal\"><span style=\"font-size:14.0pt\">Na catraca, s\u00e3o\naceitas as seguintes formas de pagamento: <strong><span style=\"font-family:\n&quot;Calibri&quot;,&quot;sans-serif&quot;\">BiPay (carteira digital no celular)<\/span><\/strong>, e <strong><span style=\"font-family:&quot;Calibri&quot;,&quot;sans-serif&quot;\">bilhete f\u00edsico com QR Code<\/span><\/strong>,\nque pode ser comprado nas ag\u00eancias ou diretamente com o motorista, garantindo\nembarque imediato.<o:p><\/o:p><\/span><\/p><p class=\"MsoNormal\" style=\"margin-bottom:0cm;margin-bottom:.0001pt;text-align:\njustify;line-height:normal\"><b><span style=\"font-size:14.0pt\">&nbsp;<\/span><\/b><\/p><p class=\"MsoNormal\" style=\"margin-bottom:0cm;margin-bottom:.0001pt;text-align:\njustify;line-height:normal\"><b><span style=\"font-size:14.0pt\">\u2013 O que \u00e9 o BiPay?<o:p><\/o:p><\/span><\/b><\/p><p class=\"MsoNormal\" style=\"margin-bottom:0cm;margin-bottom:.0001pt;text-align:\njustify;line-height:normal\"><span style=\"font-size:14.0pt\">&nbsp;<\/span><\/p><p class=\"MsoNormal\" style=\"margin-bottom:0cm;margin-bottom:.0001pt;text-align:\njustify;line-height:normal\"><span style=\"font-size:14.0pt\">O BiPay \u00e9 a carteira\ndigital do novo sistema de bilhetagem eletr\u00f4nica do servi\u00e7o metropolitano,\ncriada para tornar o embarque mais r\u00e1pido, pr\u00e1tico e seguro. Por meio do\naplicativo, o passageiro pode comprar e recarregar cr\u00e9ditos, realizar o\npagamento por aproxima\u00e7\u00e3o diretamente na catraca usando o celular e ainda ter\nacesso a descontos e ofertas exclusivas, sem a necessidade de cart\u00e3o f\u00edsico.<o:p><\/o:p><\/span><\/p><p class=\"MsoNormal\" style=\"margin-bottom:0cm;margin-bottom:.0001pt;text-align:\njustify;line-height:normal\"><span style=\"font-size:14.0pt\">&nbsp;<\/span><\/p><p class=\"MsoNormal\" style=\"margin-bottom:0cm;margin-bottom:.0001pt;text-align:\njustify;line-height:normal\"><b><span style=\"font-size:14.0pt\">\u2013 <\/span><\/b><b><span style=\"font-size:14.0pt\">Como fa\u00e7o\npara baixar e usar o aplicativo BiPay?<o:p><\/o:p><\/span><\/b><\/p><p class=\"MsoNormal\" style=\"margin-bottom:0cm;margin-bottom:.0001pt;text-align:\njustify;line-height:normal\"><span style=\"font-size:14.0pt\">&nbsp;<\/span><\/p><p class=\"MsoNormal\" style=\"margin-bottom:0cm;margin-bottom:.0001pt;text-align:\njustify;line-height:normal\"><span style=\"font-size:14.0pt\">Para baixar e usar o\naplicativo <strong><span style=\"font-family:&quot;Calibri&quot;,&quot;sans-serif&quot;\">BiPay<\/span><\/strong>,\nbasta acessar a loja de aplicativos do seu celular (<strong><span style=\"font-family:&quot;Calibri&quot;,&quot;sans-serif&quot;\">Google Play<\/span><\/strong> ou <strong><span style=\"font-family:&quot;Calibri&quot;,&quot;sans-serif&quot;\">App Store<\/span><\/strong>), procurar\npor <strong><span style=\"font-family:&quot;Calibri&quot;,&quot;sans-serif&quot;\">BiPay<\/span><\/strong>\ne realizar o download. Ap\u00f3s a instala\u00e7\u00e3o, fa\u00e7a o cadastro, compre ou recarregue\nseus cr\u00e9ditos pelo app e, no momento do embarque, utilize o celular para pagar\npor aproxima\u00e7\u00e3o diretamente na catraca.<o:p><\/o:p><\/span><\/p><p class=\"MsoNormal\" style=\"margin-bottom:0cm;margin-bottom:.0001pt;text-align:\njustify;line-height:normal\"><span style=\"font-size:14.0pt\">&nbsp;<\/span><\/p><p class=\"MsoNormal\" style=\"margin-bottom:0cm;margin-bottom:.0001pt;text-align:\njustify;line-height:normal\"><b><span style=\"font-size:14.0pt\">\u2013 <\/span><\/b><b><span style=\"font-size:14.0pt\">Preciso de\ninternet no celular para usar o BiPay no embarque?<o:p><\/o:p><\/span><\/b><\/p><p class=\"MsoNormal\" style=\"margin-bottom:0cm;margin-bottom:.0001pt;text-align:\njustify;line-height:normal\"><span style=\"font-size:14.0pt\">&nbsp;<\/span><\/p><p class=\"MsoNormal\" style=\"margin-bottom:0cm;margin-bottom:.0001pt;text-align:\njustify;line-height:normal\"><strong><span style=\"font-size:14.0pt;font-family:\n&quot;Calibri&quot;,&quot;sans-serif&quot;\">N\u00e3o.<\/span><\/strong><span style=\"font-size:14.0pt\"> O\nacesso \u00e0 internet \u00e9 necess\u00e1rio apenas antes do embarque, para login e compra de\ncr\u00e9ditos. Ap\u00f3s isso, mantendo o aplicativo aberto (mesmo que minimizado), o QR\nCode funciona normalmente em modo off-line no validador no momento do embarque,\ndesde que haja saldo suficiente.<o:p><\/o:p><\/span><\/p><p class=\"MsoNormal\" style=\"margin-bottom:0cm;margin-bottom:.0001pt;text-align:\njustify;line-height:normal\"><span style=\"font-size:14.0pt\">&nbsp;<\/span><\/p><p class=\"MsoNormal\" style=\"margin-bottom:0cm;margin-bottom:.0001pt;text-align:\njustify;line-height:normal\"><b><span style=\"font-size:14.0pt\">\u2013 <\/span><\/b><b><span style=\"font-size:14.0pt\">Posso usar o\nmesmo app para mais de uma pessoa?<o:p><\/o:p><\/span><\/b><\/p><p class=\"MsoNormal\" style=\"margin-bottom:0cm;margin-bottom:.0001pt;text-align:\njustify;line-height:normal\"><b><span style=\"font-size:14.0pt\">&nbsp;<\/span><\/b><\/p><p class=\"MsoNormal\" style=\"margin-bottom:0cm;margin-bottom:.0001pt;text-align:\njustify;line-height:normal\"><a name=\"_GoBack\"><b><span style=\"font-size:14.0pt\">N\u00e3o.<\/span><\/b><\/a><span style=\"font-size:14.0pt\"> O\naplicativo permite <b>apenas um embarque,<\/b>\npois nessas linhas o QR Code precisa ser apresentado novamente no validador\nlocalizado pr\u00f3ximo \u00e0 catraca de desembarque.<o:p><\/o:p><\/span><\/p><p class=\"MsoNormal\" style=\"margin-bottom:0cm;margin-bottom:.0001pt;text-align:\njustify;line-height:normal\"><span style=\"font-size:14.0pt\">&nbsp;<\/span><\/p><p class=\"MsoNormal\" style=\"margin-bottom:0cm;margin-bottom:.0001pt;text-align:\njustify;line-height:normal\"><b><span style=\"font-size:14.0pt\">\u2013 <\/span><\/b><b><span style=\"font-size:14.0pt\">Como\nfunciona o bilhete f\u00edsico com QR Code?<o:p><\/o:p><\/span><\/b><\/p><p class=\"MsoNormal\" style=\"margin-bottom:0cm;margin-bottom:.0001pt;text-align:\njustify;line-height:normal\"><span style=\"font-size:14.0pt\">&nbsp;<\/span><\/p><p class=\"MsoNormal\" style=\"margin-bottom:0cm;margin-bottom:.0001pt;text-align:\njustify;line-height:normal\"><span style=\"font-size:14.0pt\">O bilhete f\u00edsico com\nQR Code permite um embarque r\u00e1pido e pr\u00e1tico. Ap\u00f3s a compra, o passageiro\nrecebe um bilhete com QR Code que deve ser aproximado do leitor na catraca para\nlibera\u00e7\u00e3o do acesso, garantindo o embarque imediato. Para o desembarque,\napresente novamente o QR Code no validador.<o:p><\/o:p><\/span><\/p><p class=\"MsoNormal\" style=\"margin-bottom:0cm;margin-bottom:.0001pt;text-align:\njustify;line-height:normal\"><span style=\"font-size:14.0pt\">&nbsp;<\/span><\/p><p class=\"MsoNormal\" style=\"margin-bottom:0cm;margin-bottom:.0001pt;text-align:\njustify;line-height:normal\"><b><span style=\"font-size:14.0pt\">\u2013 <\/span><\/b><b><span style=\"font-size:14.0pt\">Onde posso\ncomprar o bilhete com QR Code?<o:p><\/o:p><\/span><\/b><\/p><p class=\"MsoNormal\" style=\"margin-bottom:0cm;margin-bottom:.0001pt;text-align:\njustify;line-height:normal\"><span style=\"font-size:14.0pt\">&nbsp;<\/span><\/p><p class=\"MsoNormal\" style=\"margin-bottom:0cm;margin-bottom:.0001pt;text-align:\njustify;line-height:normal\"><span style=\"font-size:14.0pt\">O bilhete com QR\nCode pode ser adquirido nas <strong><span style=\"font-family:&quot;Calibri&quot;,&quot;sans-serif&quot;\">ag\u00eancias<\/span><\/strong>.<o:p><\/o:p><\/span><\/p><p class=\"MsoNormal\" style=\"margin-bottom:0cm;margin-bottom:.0001pt;text-align:\njustify;line-height:normal\"><span style=\"font-size:14.0pt\">&nbsp;<\/span><\/p><p class=\"MsoNormal\" style=\"margin-bottom: 11pt; text-align: justify; line-height: normal; background-image: initial; background-position: initial; background-size: initial; background-repeat: initial; background-attachment: initial; background-origin: initial; background-clip: initial;\"><b><span style=\"font-family:Roboto;mso-fareast-font-family:\nRoboto;mso-bidi-font-family:Roboto\">\u2013 Tem outra d\u00favida? Fale conosco!<o:p><\/o:p><\/span><\/b><\/p><p class=\"MsoNormal\" style=\"margin-bottom: 0.0001pt; text-align: justify; line-height: normal; background-image: initial; background-position: initial; background-size: initial; background-repeat: initial; background-attachment: initial; background-origin: initial; background-clip: initial;\"><span style=\"font-family:Roboto;\nmso-fareast-font-family:Roboto;mso-bidi-font-family:Roboto\">Envie um e-mail\npara ouvidoria@expressobrasileiro.com.br ou ligue <b>0800 075 0010<\/b> para\nfalar com nosso SAC.<o:p><\/o:p><\/span><\/p><p class=\"MsoNormal\" style=\"margin-bottom: 0.0001pt; text-align: justify; line-height: normal; background-image: initial; background-position: initial; background-size: initial; background-repeat: initial; background-attachment: initial; background-origin: initial; background-clip: initial;\"><span style=\"font-family:Roboto;\nmso-fareast-font-family:Roboto;mso-bidi-font-family:Roboto\">&nbsp;<\/span><\/p><p>\n\n\n\n\n\n\n\n\n\n\n\n\n\n\n\n\n\n\n\n\n\n\n\n\n\n\n\n\n\n\n\n\n\n\n\n\n\n\n\n\n\n\n\n\n\n\n\n\n\n\n\n\n\n\n\n\n\n\n\n\n\n\n\n\n\n\n\n\n\n\n\n\n\n\n\n\n\n\n\n\n\n\n\n<\/p><p class=\"MsoNormal\" style=\"margin-bottom: 0.0001pt; text-align: justify; line-height: normal; background-image: initial; background-position: initial; background-size: initial; background-repeat: initial; background-attachment: initial; background-origin: initial; background-clip: initial;\"><span style=\"font-family:Roboto;\nmso-fareast-font-family:Roboto;mso-bidi-font-family:Roboto\">Nossos canais est\u00e3o\nsempre \u00e0 disposi\u00e7\u00e3o para ajudar voc\u00ea!<o:p><\/o:p><\/span><\/p>\t\t\t\t\t\t<\/div>\n\t\t\t\t<\/div>\n\t\t\t\t<div class=\"elementor-element elementor-element-f5468b0 elementor-widget elementor-widget-spacer\" data-id=\"f5468b0\" data-element_type=\"widget\" data-widget_type=\"spacer.default\">\n\t\t\t\t<div class=\"elementor-widget-container\">\n\t\t\t<style>\/*! elementor - v3.8.1 - 13-11-2022 *\/\n.elementor-column .elementor-spacer-inner{height:var(--spacer-size)}.e-con{--container-widget-width:100%}.e-con-inner>.elementor-widget-spacer,.e-con>.elementor-widget-spacer{width:var(--container-widget-width,var(--spacer-size));-ms-flex-item-align:stretch;align-self:stretch;-ms-flex-negative:0;flex-shrink:0}.e-con-inner>.elementor-widget-spacer>.elementor-widget-container,.e-con-inner>.elementor-widget-spacer>.elementor-widget-container>.elementor-spacer,.e-con>.elementor-widget-spacer>.elementor-widget-container,.e-con>.elementor-widget-spacer>.elementor-widget-container>.elementor-spacer{height:100%}.e-con-inner>.elementor-widget-spacer>.elementor-widget-container>.elementor-spacer>.elementor-spacer-inner,.e-con>.elementor-widget-spacer>.elementor-widget-container>.elementor-spacer>.elementor-spacer-inner{height:var(--container-widget-height,var(--spacer-size))}<\/style>\t\t<div class=\"elementor-spacer\">\n\t\t\t<div class=\"elementor-spacer-inner\"><\/div>\n\t\t<\/div>\n\t\t\t\t<\/div>\n\t\t\t\t<\/div>\n\t\t\t\t\t<\/div>\n\t\t<\/div>\n\t\t\t\t\t\t\t<\/div>\n\t\t<\/section>\n\t\t\t\t\t\t\t<\/div>\n\t\t","protected":false},"excerpt":{"rendered":"<p>ONBOARD \u2013 NOVO SISTEMA DE BILHETAGEM ELETR\u00d4NICA O servi\u00e7o semiurbano agora conta com um novo sistema de bilhetagem eletr\u00f4nica, mais moderno, pr\u00e1tico e r\u00e1pido. O novo modelo permite o pagamento direto na catraca, com leitura por meio da carteira digital BiPay. Agora, voc\u00ea pode comprar e recarregar cr\u00e9ditos pelo aplicativo, aproveitar descontos especiais exclusivos no [&hellip;]<\/p>\n","protected":false},"author":2,"featured_media":0,"parent":0,"menu_order":0,"comment_status":"closed","ping_status":"closed","template":"","meta":{"_joinchat":[],"footnotes":""},"class_list":["post-4089","page","type-page","status-publish","hentry"],"_links":{"self":[{"href":"https:\/\/expressobrasileiro.com.br\/index.php\/wp-json\/wp\/v2\/pages\/4089","targetHints":{"allow":["GET"]}}],"collection":[{"href":"https:\/\/expressobrasileiro.com.br\/index.php\/wp-json\/wp\/v2\/pages"}],"about":[{"href":"https:\/\/expressobrasileiro.com.br\/index.php\/wp-json\/wp\/v2\/types\/page"}],"author":[{"embeddable":true,"href":"https:\/\/expressobrasileiro.com.br\/index.php\/wp-json\/wp\/v2\/users\/2"}],"replies":[{"embeddable":true,"href":"https:\/\/expressobrasileiro.com.br\/index.php\/wp-json\/wp\/v2\/comments?post=4089"}],"version-history":[{"count":7,"href":"https:\/\/expressobrasileiro.com.br\/index.php\/wp-json\/wp\/v2\/pages\/4089\/revisions"}],"predecessor-version":[{"id":4098,"href":"https:\/\/expressobrasileiro.com.br\/index.php\/wp-json\/wp\/v2\/pages\/4089\/revisions\/4098"}],"wp:attachment":[{"href":"https:\/\/expressobrasileiro.com.br\/index.php\/wp-json\/wp\/v2\/media?parent=4089"}],"curies":[{"name":"wp","href":"https:\/\/api.w.org\/{rel}","templated":true}]}}