{"id":3506,"date":"2023-10-31T21:02:12","date_gmt":"2023-10-31T21:02:12","guid":{"rendered":"https:\/\/expressobrasileiro.com.br\/?page_id=3506"},"modified":"2023-10-31T21:04:31","modified_gmt":"2023-10-31T21:04:31","slug":"regulamento-campanha-corujao-brasileiro-cupom-corujao50-3","status":"publish","type":"page","link":"https:\/\/expressobrasileiro.com.br\/index.php\/regulamento-campanha-corujao-brasileiro-cupom-corujao50-3\/","title":{"rendered":"Regulamento &#8211; CAMPANHA CORUJ\u00c3O \u2013 BRASILEIRO CUPOM: CORUJAO50 3"},"content":{"rendered":"\t\t<div data-elementor-type=\"wp-page\" data-elementor-id=\"3506\" class=\"elementor elementor-3506\">\n\t\t\t\t\t\t\t<div class=\"elementor-element elementor-element-002a6af e-con-full e-con\" data-id=\"002a6af\" data-element_type=\"container\" data-settings=\"{&quot;content_width&quot;:&quot;full&quot;}\">\n\t\t\t\t<\/div>\n\t\t\t\t<section class=\"elementor-section elementor-top-section elementor-element elementor-element-e8d2339 elementor-section-boxed elementor-section-height-default elementor-section-height-default\" data-id=\"e8d2339\" data-element_type=\"section\" data-settings=\"{&quot;_ha_eqh_enable&quot;:false}\">\n\t\t\t\t\t\t<div class=\"elementor-container elementor-column-gap-default\">\n\t\t\t\t\t<div class=\"elementor-column elementor-col-100 elementor-top-column elementor-element elementor-element-ed904f4\" data-id=\"ed904f4\" data-element_type=\"column\">\n\t\t\t<div class=\"elementor-widget-wrap elementor-element-populated\">\n\t\t\t\t\t\t<div class=\"elementor-element elementor-element-253aed0 e-con-boxed e-con\" data-id=\"253aed0\" data-element_type=\"container\" data-settings=\"{&quot;content_width&quot;:&quot;boxed&quot;}\">\n\t\t\t\t\t<div class=\"e-con-inner\">\n\t\t\t\t<div class=\"elementor-element elementor-element-892eaec elementor-widget elementor-widget-image\" data-id=\"892eaec\" data-element_type=\"widget\" data-widget_type=\"image.default\">\n\t\t\t\t<div class=\"elementor-widget-container\">\n\t\t\t<style>\/*! elementor - v3.8.1 - 13-11-2022 *\/\n.elementor-widget-image{text-align:center}.elementor-widget-image a{display:inline-block}.elementor-widget-image a img[src$=\".svg\"]{width:48px}.elementor-widget-image img{vertical-align:middle;display:inline-block}<\/style>\t\t\t\t\t\t\t\t\t\t\t\t<img decoding=\"async\" width=\"1920\" height=\"440\" src=\"https:\/\/expressobrasileiro.com.br\/wp-content\/uploads\/2023\/10\/Banner-Sites-Corujao50-EB-ok.jpg\" class=\"attachment-full size-full\" alt=\"\" srcset=\"https:\/\/expressobrasileiro.com.br\/wp-content\/uploads\/2023\/10\/Banner-Sites-Corujao50-EB-ok.jpg 1920w, https:\/\/expressobrasileiro.com.br\/wp-content\/uploads\/2023\/10\/Banner-Sites-Corujao50-EB-ok-300x69.jpg 300w, https:\/\/expressobrasileiro.com.br\/wp-content\/uploads\/2023\/10\/Banner-Sites-Corujao50-EB-ok-1024x235.jpg 1024w, https:\/\/expressobrasileiro.com.br\/wp-content\/uploads\/2023\/10\/Banner-Sites-Corujao50-EB-ok-768x176.jpg 768w, https:\/\/expressobrasileiro.com.br\/wp-content\/uploads\/2023\/10\/Banner-Sites-Corujao50-EB-ok-1536x352.jpg 1536w\" sizes=\"(max-width: 1920px) 100vw, 1920px\" \/>\t\t\t\t\t\t\t\t\t\t\t\t\t\t\t<\/div>\n\t\t\t\t<\/div>\n\t\t\t\t\t<\/div>\n\t\t\t\t<\/div>\n\t\t\t\t<section class=\"elementor-section elementor-inner-section elementor-element elementor-element-cd0a936 elementor-section-boxed elementor-section-height-default elementor-section-height-default\" data-id=\"cd0a936\" data-element_type=\"section\" data-settings=\"{&quot;_ha_eqh_enable&quot;:false}\">\n\t\t\t\t\t\t<div class=\"elementor-container elementor-column-gap-default\">\n\t\t\t\t\t<div class=\"elementor-column elementor-col-100 elementor-inner-column elementor-element elementor-element-856d0d4\" data-id=\"856d0d4\" data-element_type=\"column\">\n\t\t\t<div class=\"elementor-widget-wrap elementor-element-populated\">\n\t\t\t\t\t\t\t\t<div class=\"elementor-element elementor-element-d3950f7 elementor-widget elementor-widget-heading\" data-id=\"d3950f7\" data-element_type=\"widget\" data-widget_type=\"heading.default\">\n\t\t\t\t<div class=\"elementor-widget-container\">\n\t\t\t<style>\/*! elementor - v3.8.1 - 13-11-2022 *\/\n.elementor-heading-title{padding:0;margin:0;line-height:1}.elementor-widget-heading .elementor-heading-title[class*=elementor-size-]>a{color:inherit;font-size:inherit;line-height:inherit}.elementor-widget-heading .elementor-heading-title.elementor-size-small{font-size:15px}.elementor-widget-heading .elementor-heading-title.elementor-size-medium{font-size:19px}.elementor-widget-heading .elementor-heading-title.elementor-size-large{font-size:29px}.elementor-widget-heading .elementor-heading-title.elementor-size-xl{font-size:39px}.elementor-widget-heading .elementor-heading-title.elementor-size-xxl{font-size:59px}<\/style><h4 class=\"elementor-heading-title elementor-size-default\">REGULAMENTO CAMPANHA CORUJ\u00c3O BRASILEIRO - CUPOM: CORUJAO50<\/h4>\t\t<\/div>\n\t\t\t\t<\/div>\n\t\t\t\t<div class=\"elementor-element elementor-element-a55c3b0 elementor-widget elementor-widget-text-editor\" data-id=\"a55c3b0\" data-element_type=\"widget\" data-widget_type=\"text-editor.default\">\n\t\t\t\t<div class=\"elementor-widget-container\">\n\t\t\t<style>\/*! elementor - v3.8.1 - 13-11-2022 *\/\n.elementor-widget-text-editor.elementor-drop-cap-view-stacked .elementor-drop-cap{background-color:#818a91;color:#fff}.elementor-widget-text-editor.elementor-drop-cap-view-framed .elementor-drop-cap{color:#818a91;border:3px solid;background-color:transparent}.elementor-widget-text-editor:not(.elementor-drop-cap-view-default) .elementor-drop-cap{margin-top:8px}.elementor-widget-text-editor:not(.elementor-drop-cap-view-default) .elementor-drop-cap-letter{width:1em;height:1em}.elementor-widget-text-editor .elementor-drop-cap{float:left;text-align:center;line-height:1;font-size:50px}.elementor-widget-text-editor .elementor-drop-cap-letter{display:inline-block}<\/style>\t\t\t\t<div data-wpex-hover=\"{&quot;color&quot;:&quot;#455c73&quot;}\"><p>1.\u00a0 \u00a0 \u00a0 \u00a0 \u00a0 \u00a0 <b>O CUPOM PROMOCIONAL CORUJAO50<\/b> da<b> EXPRESSO BRASILEIRO<\/b> consiste na disponibiliza\u00e7\u00e3o de<b> 50%<\/b> de desconto por inser\u00e7\u00e3o de c\u00f3digo promocional pr\u00e9-estabelecido, em trechos e servi\u00e7os espec\u00edficos, dentro do per\u00edodo de validade estipulado. As condi\u00e7\u00f5es para elegibilidade encontram-se nos itens a seguir descritos;<\/p><p>2.\u00a0 \u00a0 \u00a0 \u00a0 \u00a0 \u00a0<b> O CUPOM PROMOCIONAL CORUJAO50 da EXPRESSO BRASILEIRO<\/b> ser\u00e1 disponibilizado apenas para compras efetivadas no site https:\/\/www.expressobrasileiro.com.br e pelo APP oficial da Expresso Brasileiro, dispon\u00edvel para android e iOS;<\/p><p>3.\u00a0 \u00a0 \u00a0 \u00a0 \u00a0 \u00a0 Os 50% de desconto da campanha promocional com cupom de desconto <b>(CORUJAO50)<\/b> ser\u00e3o aplicados apenas sobre as tarifas das passagens dos trechos promocionais. Portanto, n\u00e3o est\u00e3o inclusas nos descontos as tarifas de ped\u00e1gio, seguro facultativo e de utiliza\u00e7\u00e3o de terminais;\u00a0<\/p><p>4.\u00a0 \u00a0 \u00a0 \u00a0 \u00a0 \u00a0 Os cupons promocionais ser\u00e3o v\u00e1lidos<b> SOMENTE<\/b> para compras no per\u00edodo de 12 horas de dura\u00e7\u00e3o iniciando \u00e0s 20:00h do dia 31\/10\/2023 at\u00e9 \u00e0s 8:00h do dia 01\/11\/2023 nas linhas e trajetos designados no item 8, e ser\u00e3o aplicados no valor do bilhete de passagem adquirido e para embarque nos per\u00edodos designados no item 12. Para aplica\u00e7\u00e3o do desconto, o cliente dever\u00e1 inserir a denomina\u00e7\u00e3o do cupom correspondente <b>(CORUJAO50)<\/b> no campo espec\u00edfico no momento da compra. Em casos de mais de uma passagem na mesma compra, o cupom deve ser inserido em todos os campos dispon\u00edveis;<\/p><p>5.\u00a0 \u00a0 \u00a0 \u00a0 \u00a0 \u00a0 Para remarca\u00e7\u00e3o, o cliente fica desde j\u00e1 ciente de que, em sendo o valor menor do que a compra origin\u00e1ria, em raz\u00e3o da compra adquirida ter sido em valor promocional, n\u00e3o ser\u00e1 eleg\u00edvel ao reembolso da diferen\u00e7a. J\u00e1 se o valor da remarca\u00e7\u00e3o for superior ao valor originariamente pago, dever\u00e1 observar o valor da tarifa vigente para a nova data desejada, efetuando o pagamento da diferen\u00e7a de valor, inclusive de ped\u00e1gio, seguro facultativo e de utiliza\u00e7\u00e3o de terminais, quando houver;<\/p><p>\u00a0 5.1 A remarca\u00e7\u00e3o de viagens adquiridas na campanha promocional com cupom de desconto<b> (CORUJAO50) <\/b>no trecho interestadual, somente ser\u00e1 eleg\u00edvel para remarca\u00e7\u00e3o em outro trecho interestadual, enquanto a remarca\u00e7\u00e3o de viagem em trecho intermunicipal adquirida na vig\u00eancia da promo\u00e7\u00e3o, somente ser\u00e1 eleg\u00edvel para remarca\u00e7\u00e3o em outro trecho intermunicipal, desde que observada as 3 (tr\u00eas) horas de anteced\u00eancia prevista;\u00a0<\/p><p>6.\u00a0 \u00a0 \u00a0 \u00a0 \u00a0 \u00a0 Para cancelamento, o cliente dever\u00e1 solicitar em at\u00e9 3 (tr\u00eas) horas de anteced\u00eancia da viagem, sendo o valor a ser reembolsado o mesmo valor pago pelo cliente \u00e0 \u00e9poca da aquisi\u00e7\u00e3o da tarifa na campanha promocional com cupom de desconto <b>(CORUJAO50)<\/b>, observando as regras e condi\u00e7\u00f5es previstas para o reembolso.\u00a0<\/p><p>7.\u00a0 \u00a0 \u00a0 \u00a0 \u00a0 \u00a0 O bilhete de passagem adquirido no per\u00edodo promocional \u00e9 para uso pessoal e intransfer\u00edvel;\u00a0\u00a0<\/p><p>8.\u00a0 \u00a0 \u00a0 \u00a0 \u00a0 \u00a0<b> O CUPOM PROMOCIONAL CORUJAO50 da EXPRESSO BRASILEIRO <\/b>\u00e9 v\u00e1lido t\u00e3o somente para os seguintes trechos e servi\u00e7os:<\/p><p>\u00a0<\/p><p>\u2981 Teixeira de Freitas X Eun\u00e1polis<\/p><p>\u2981 Teixeira de Freitas X Porto Seguro<\/p><p>\u2981 Teixeira de Freitas X Itabuna<\/p><p>\u2981 Teixeira de Freitas X Ilh\u00e9us<\/p><p>\u2981 Teixeira de Freitas X Vit\u00f3ria da Conquista<\/p><p>\u2981 Itamaraju X Vit\u00f3ria da Conquista<\/p><p>\u2981 Porto Seguro X Vit\u00f3ria da Conquista<\/p><p>\u2981 Eun\u00e1polis X Vit\u00f3ria da Conquista\u00a0<\/p><p>\u2981 Nanuque X Ilh\u00e9us<\/p><p>\u2981 Nanuque X Itabuna<\/p><p>\u2981 Itamaraju X Eun\u00e1polis<\/p><p>\u2981 Itamaraju X Porto Seguro<\/p><p>\u2981 Itamaraju X Itapetinga<\/p><p>\u2981 Teixeira de Freitas X Itapetinga<\/p><p>\u00a0<\/p><p>9.\u00a0 \u00a0 \u00a0 \u00a0 \u00a0 \u00a0 Promo\u00e7\u00e3o v\u00e1lida para todos os servi\u00e7os;<\/p><p>10.\u00a0 \u00a0 \u00a0 \u00a0 \u00a0A mera participa\u00e7\u00e3o nesta promo\u00e7\u00e3o caracteriza a aceita\u00e7\u00e3o dos termos e condi\u00e7\u00f5es previstos neste regulamento;<\/p><p>11.\u00a0 \u00a0 \u00a0 \u00a0 \u00a0Cupom de ofertas v\u00e1lido para compras no per\u00edodo de 12 horas de dura\u00e7\u00e3o iniciando \u00e0s 20:00h do dia 31\/10\/2023 at\u00e9 \u00e0s 8:00h do dia 01\/11\/2023;<\/p><p>12.\u00a0 \u00a0 \u00a0 \u00a0 \u00a0Embarques estabelecidos entre <b>06\/11 e 13\/12\/2023;<\/b><\/p><p>13.\u00a0 \u00a0 \u00a0 \u00a0 \u00a0Promo\u00e7\u00e3o n\u00e3o cumulativa;<\/p><p>14.\u00a0 \u00a0 \u00a0 \u00a0 \u00a0A empresa se reserva ao direito de interrup\u00e7\u00e3o desta campanha promocional com cupom de desconto<b> (CORUJAO50) <\/b>a qualquer momento sem aviso pr\u00e9vio.<\/p><p>\u00a0<\/p><p>\u00a0Para mais informa\u00e7\u00f5es, entre e contato com o nosso SAC: 0800 075 0010.<\/p><p><b>Expresso Brasileiro \u2013 Um jeito novo de continuar oferecendo o melhor.<\/b><\/p><div>\u00a0<\/div><\/div>\t\t\t\t\t\t<\/div>\n\t\t\t\t<\/div>\n\t\t\t\t\t<\/div>\n\t\t<\/div>\n\t\t\t\t\t\t\t<\/div>\n\t\t<\/section>\n\t\t<div class=\"elementor-element elementor-element-937cb68 e-con-boxed e-con\" data-id=\"937cb68\" data-element_type=\"container\" data-settings=\"{&quot;content_width&quot;:&quot;boxed&quot;}\">\n\t\t\t\t\t<div class=\"e-con-inner\">\n\t\t\t\t<div class=\"elementor-element elementor-element-74b3c49 elementor-widget elementor-widget-spacer\" data-id=\"74b3c49\" data-element_type=\"widget\" data-widget_type=\"spacer.default\">\n\t\t\t\t<div class=\"elementor-widget-container\">\n\t\t\t<style>\/*! elementor - v3.8.1 - 13-11-2022 *\/\n.elementor-column .elementor-spacer-inner{height:var(--spacer-size)}.e-con{--container-widget-width:100%}.e-con-inner>.elementor-widget-spacer,.e-con>.elementor-widget-spacer{width:var(--container-widget-width,var(--spacer-size));-ms-flex-item-align:stretch;align-self:stretch;-ms-flex-negative:0;flex-shrink:0}.e-con-inner>.elementor-widget-spacer>.elementor-widget-container,.e-con-inner>.elementor-widget-spacer>.elementor-widget-container>.elementor-spacer,.e-con>.elementor-widget-spacer>.elementor-widget-container,.e-con>.elementor-widget-spacer>.elementor-widget-container>.elementor-spacer{height:100%}.e-con-inner>.elementor-widget-spacer>.elementor-widget-container>.elementor-spacer>.elementor-spacer-inner,.e-con>.elementor-widget-spacer>.elementor-widget-container>.elementor-spacer>.elementor-spacer-inner{height:var(--container-widget-height,var(--spacer-size))}<\/style>\t\t<div class=\"elementor-spacer\">\n\t\t\t<div class=\"elementor-spacer-inner\"><\/div>\n\t\t<\/div>\n\t\t\t\t<\/div>\n\t\t\t\t<\/div>\n\t\t\t\t\t<\/div>\n\t\t\t\t<\/div>\n\t\t\t\t\t<\/div>\n\t\t<\/div>\n\t\t\t\t\t\t\t<\/div>\n\t\t<\/section>\n\t\t\t\t\t\t\t<\/div>\n\t\t","protected":false},"excerpt":{"rendered":"<p>REGULAMENTO CAMPANHA CORUJ\u00c3O BRASILEIRO &#8211; CUPOM: CORUJAO50 1.\u00a0 \u00a0 \u00a0 \u00a0 \u00a0 \u00a0 O CUPOM PROMOCIONAL CORUJAO50 da EXPRESSO BRASILEIRO consiste na disponibiliza\u00e7\u00e3o de 50% de desconto por inser\u00e7\u00e3o de c\u00f3digo promocional pr\u00e9-estabelecido, em trechos e servi\u00e7os espec\u00edficos, dentro do per\u00edodo de validade estipulado. As condi\u00e7\u00f5es para elegibilidade encontram-se nos itens a seguir descritos; 2.\u00a0 [&hellip;]<\/p>\n","protected":false},"author":2,"featured_media":0,"parent":0,"menu_order":0,"comment_status":"closed","ping_status":"closed","template":"","meta":{"_joinchat":[],"footnotes":""},"class_list":["post-3506","page","type-page","status-publish","hentry"],"_links":{"self":[{"href":"https:\/\/expressobrasileiro.com.br\/index.php\/wp-json\/wp\/v2\/pages\/3506","targetHints":{"allow":["GET"]}}],"collection":[{"href":"https:\/\/expressobrasileiro.com.br\/index.php\/wp-json\/wp\/v2\/pages"}],"about":[{"href":"https:\/\/expressobrasileiro.com.br\/index.php\/wp-json\/wp\/v2\/types\/page"}],"author":[{"embeddable":true,"href":"https:\/\/expressobrasileiro.com.br\/index.php\/wp-json\/wp\/v2\/users\/2"}],"replies":[{"embeddable":true,"href":"https:\/\/expressobrasileiro.com.br\/index.php\/wp-json\/wp\/v2\/comments?post=3506"}],"version-history":[{"count":7,"href":"https:\/\/expressobrasileiro.com.br\/index.php\/wp-json\/wp\/v2\/pages\/3506\/revisions"}],"predecessor-version":[{"id":3514,"href":"https:\/\/expressobrasileiro.com.br\/index.php\/wp-json\/wp\/v2\/pages\/3506\/revisions\/3514"}],"wp:attachment":[{"href":"https:\/\/expressobrasileiro.com.br\/index.php\/wp-json\/wp\/v2\/media?parent=3506"}],"curies":[{"name":"wp","href":"https:\/\/api.w.org\/{rel}","templated":true}]}}